{"id":159,"date":"2026-04-29T17:58:59","date_gmt":"2026-04-30T00:58:59","guid":{"rendered":"https:\/\/fl41optics.com\/cart\/"},"modified":"2026-05-10T21:34:08","modified_gmt":"2026-05-11T04:34:08","slug":"cart","status":"publish","type":"page","link":"https:\/\/fl41optics.com\/fr\/cart\/","title":{"rendered":"Panier"},"content":{"rendered":"\n<div data-block-name=\"woocommerce\/cart\" class=\"wp-block-woocommerce-cart alignwide is-loading\">\n<div data-block-name=\"woocommerce\/filled-cart-block\" class=\"wp-block-woocommerce-filled-cart-block\">\n<div data-block-name=\"woocommerce\/cart-items-block\" class=\"wp-block-woocommerce-cart-items-block\">\n<div data-block-name=\"woocommerce\/cart-line-items-block\" class=\"wp-block-woocommerce-cart-line-items-block\"><\/div>\n\n\n<\/div>\n\n\n\n\n<div data-block-name=\"woocommerce\/cart-totals-block\" class=\"wp-block-woocommerce-cart-totals-block\">\n<div data-block-name=\"woocommerce\/cart-order-summary-block\" class=\"wp-block-woocommerce-cart-order-summary-block\">\n<div data-block-name=\"woocommerce\/cart-order-summary-heading-block\" class=\"wp-block-woocommerce-cart-order-summary-heading-block\"><\/div><div data-block-name=\"woocommerce\/cart-order-summary-coupon-form-block\" class=\"wp-block-woocommerce-cart-order-summary-coupon-form-block\"><\/div><div data-block-name=\"woocommerce\/cart-order-summary-totals-block\" class=\"wp-block-woocommerce-cart-order-summary-totals-block\">\n<div data-block-name=\"woocommerce\/cart-order-summary-subtotal-block\" class=\"wp-block-woocommerce-cart-order-summary-subtotal-block\"><\/div>\n<div data-block-name=\"woocommerce\/cart-order-summary-discount-block\" class=\"wp-block-woocommerce-cart-order-summary-discount-block\"><\/div>\n<div data-block-name=\"woocommerce\/cart-order-summary-fee-block\" class=\"wp-block-woocommerce-cart-order-summary-fee-block\"><\/div>\n<div data-block-name=\"woocommerce\/cart-order-summary-shipping-block\" class=\"wp-block-woocommerce-cart-order-summary-shipping-block\"><\/div>\n<div data-block-name=\"woocommerce\/cart-order-summary-taxes-block\" class=\"wp-block-woocommerce-cart-order-summary-taxes-block\"><\/div><\/div>\n<\/div>\n\n\n\n<div data-block-name=\"woocommerce\/cart-express-payment-block\" class=\"wp-block-woocommerce-cart-express-payment-block\"><\/div>\n\n\n\n<div data-block-name=\"woocommerce\/proceed-to-checkout-block\" class=\"wp-block-woocommerce-proceed-to-checkout-block\"><\/div>\n\n\n\n<div data-block-name=\"woocommerce\/cart-accepted-payment-methods-block\" class=\"wp-block-woocommerce-cart-accepted-payment-methods-block\"><\/div>\n<\/div>\n<\/div>\n\n\n\n<div data-block-name=\"woocommerce\/empty-cart-block\" class=\"wp-block-woocommerce-empty-cart-block\">\n<h2 class=\"wp-block-heading has-text-align-center with-empty-cart-icon wc-block-cart__empty-cart__title\">Your cart is currently empty!<\/h2>\n\n\n\n<hr class=\"wp-block-separator has-alpha-channel-opacity is-style-dots\"\/>\n\n\n\n<h2 class=\"wp-block-heading has-text-align-center\">New in store<\/h2>\n\n\n<div data-block-name=\"woocommerce\/product-new\" data-columns=\"4\" data-rows=\"1\" class=\"wc-block-grid wp-block-product-new wp-block-woocommerce-product-new wc-block-product-new has-4-columns\"><ul class=\"wc-block-grid__products\"><li class=\"wc-block-grid__product\">\n\t\t\t\t<a href=\"https:\/\/fl41optics.com\/it\/product\/occhiali-fl-41-montatura-quadrata-trasparente-in-acetato\/\" class=\"wc-block-grid__product-link\">\n\t\t\t\t\t\n\t\t\t\t\t<div class=\"wc-block-grid__product-image\"><img loading=\"lazy\" decoding=\"async\" width=\"300\" height=\"300\" src=\"https:\/\/fl41optics.com\/wp-content\/uploads\/2026\/04\/dana-rose-tinted-lens-glasses-clear-square-acetate-frame-side-view_b6235478-ee39-46f8-8fe3-cf9668488781-300x300.png\" class=\"attachment-woocommerce_thumbnail size-woocommerce_thumbnail\" alt=\"FL41 Rose Tinted Lens Glasses - Clear Square Acetate Frame\" srcset=\"https:\/\/fl41optics.com\/wp-content\/uploads\/2026\/04\/dana-rose-tinted-lens-glasses-clear-square-acetate-frame-side-view_b6235478-ee39-46f8-8fe3-cf9668488781-300x300.png 300w, https:\/\/fl41optics.com\/wp-content\/uploads\/2026\/04\/dana-rose-tinted-lens-glasses-clear-square-acetate-frame-side-view_b6235478-ee39-46f8-8fe3-cf9668488781-150x150.png 150w, https:\/\/fl41optics.com\/wp-content\/uploads\/2026\/04\/dana-rose-tinted-lens-glasses-clear-square-acetate-frame-side-view_b6235478-ee39-46f8-8fe3-cf9668488781-768x768.png 768w, https:\/\/fl41optics.com\/wp-content\/uploads\/2026\/04\/dana-rose-tinted-lens-glasses-clear-square-acetate-frame-side-view_b6235478-ee39-46f8-8fe3-cf9668488781-500x500.png 500w, https:\/\/fl41optics.com\/wp-content\/uploads\/2026\/04\/dana-rose-tinted-lens-glasses-clear-square-acetate-frame-side-view_b6235478-ee39-46f8-8fe3-cf9668488781-600x600.png 600w, https:\/\/fl41optics.com\/wp-content\/uploads\/2026\/04\/dana-rose-tinted-lens-glasses-clear-square-acetate-frame-side-view_b6235478-ee39-46f8-8fe3-cf9668488781-100x100.png 100w, https:\/\/fl41optics.com\/wp-content\/uploads\/2026\/04\/dana-rose-tinted-lens-glasses-clear-square-acetate-frame-side-view_b6235478-ee39-46f8-8fe3-cf9668488781.png 1024w\" sizes=\"auto, (max-width: 300px) 100vw, 300px\" \/><\/div>\n\t\t\t\t\t<div class=\"wc-block-grid__product-title\">Occhiali FL-41 &#8211; montatura quadrata Trasparente in acetato<\/div>\n\t\t\t\t<\/a>\n\t\t\t\t<div class=\"wc-block-grid__product-price price\"><span class=\"woocommerce-Price-amount amount\"><span class=\"woocommerce-Price-currencySymbol\">$<\/span>29<\/span><\/div>\n\t\t\t\t\n\t\t\t\t<div class=\"wp-block-button wc-block-grid__product-add-to-cart\"><a href=\"\/fr\/wp-json\/wp\/v2\/pages\/159?add-to-cart=282\" aria-label=\"Ajouter au panier\u00a0: &ldquo;Occhiali FL-41 - montatura quadrata Trasparente in acetato&rdquo;\" data-quantity=\"1\" data-product_id=\"282\" data-product_sku=\"TX-2963-2964-2925\" data-price=\"29\" rel=\"nofollow\" class=\"wp-block-button__link  add_to_cart_button ajax_add_to_cart\">Ajouter au panier<\/a><\/div>\n\t\t\t<\/li><li class=\"wc-block-grid__product\">\n\t\t\t\t<a href=\"https:\/\/fl41optics.com\/pt\/product\/oculos-fl-41-armacao-quadrada-transparente-em-acetato\/\" class=\"wc-block-grid__product-link\">\n\t\t\t\t\t\n\t\t\t\t\t<div class=\"wc-block-grid__product-image\"><img loading=\"lazy\" decoding=\"async\" width=\"300\" height=\"300\" src=\"https:\/\/fl41optics.com\/wp-content\/uploads\/2026\/04\/dana-rose-tinted-lens-glasses-clear-square-acetate-frame-side-view_b6235478-ee39-46f8-8fe3-cf9668488781-300x300.png\" class=\"attachment-woocommerce_thumbnail size-woocommerce_thumbnail\" alt=\"FL41 Rose Tinted Lens Glasses - Clear Square Acetate Frame\" srcset=\"https:\/\/fl41optics.com\/wp-content\/uploads\/2026\/04\/dana-rose-tinted-lens-glasses-clear-square-acetate-frame-side-view_b6235478-ee39-46f8-8fe3-cf9668488781-300x300.png 300w, https:\/\/fl41optics.com\/wp-content\/uploads\/2026\/04\/dana-rose-tinted-lens-glasses-clear-square-acetate-frame-side-view_b6235478-ee39-46f8-8fe3-cf9668488781-150x150.png 150w, https:\/\/fl41optics.com\/wp-content\/uploads\/2026\/04\/dana-rose-tinted-lens-glasses-clear-square-acetate-frame-side-view_b6235478-ee39-46f8-8fe3-cf9668488781-768x768.png 768w, https:\/\/fl41optics.com\/wp-content\/uploads\/2026\/04\/dana-rose-tinted-lens-glasses-clear-square-acetate-frame-side-view_b6235478-ee39-46f8-8fe3-cf9668488781-500x500.png 500w, https:\/\/fl41optics.com\/wp-content\/uploads\/2026\/04\/dana-rose-tinted-lens-glasses-clear-square-acetate-frame-side-view_b6235478-ee39-46f8-8fe3-cf9668488781-600x600.png 600w, https:\/\/fl41optics.com\/wp-content\/uploads\/2026\/04\/dana-rose-tinted-lens-glasses-clear-square-acetate-frame-side-view_b6235478-ee39-46f8-8fe3-cf9668488781-100x100.png 100w, https:\/\/fl41optics.com\/wp-content\/uploads\/2026\/04\/dana-rose-tinted-lens-glasses-clear-square-acetate-frame-side-view_b6235478-ee39-46f8-8fe3-cf9668488781.png 1024w\" sizes=\"auto, (max-width: 300px) 100vw, 300px\" \/><\/div>\n\t\t\t\t\t<div class=\"wc-block-grid__product-title\">\u00d3culos FL-41 &#8211; arma\u00e7\u00e3o quadrada Transparente em acetato<\/div>\n\t\t\t\t<\/a>\n\t\t\t\t<div class=\"wc-block-grid__product-price price\"><span class=\"woocommerce-Price-amount amount\"><span class=\"woocommerce-Price-currencySymbol\">$<\/span>29<\/span><\/div>\n\t\t\t\t\n\t\t\t\t<div class=\"wp-block-button wc-block-grid__product-add-to-cart\"><a href=\"\/fr\/wp-json\/wp\/v2\/pages\/159?add-to-cart=281\" aria-label=\"Ajouter au panier\u00a0: &ldquo;\u00d3culos FL-41 - arma\u00e7\u00e3o quadrada Transparente em acetato&rdquo;\" data-quantity=\"1\" data-product_id=\"281\" data-product_sku=\"TX-2963-2964-2925\" data-price=\"29\" rel=\"nofollow\" class=\"wp-block-button__link  add_to_cart_button ajax_add_to_cart\">Ajouter au panier<\/a><\/div>\n\t\t\t<\/li><li class=\"wc-block-grid__product\">\n\t\t\t\t<a href=\"https:\/\/fl41optics.com\/fr\/product\/lunettes-fl-41-monture-carree-transparente-en-acetate\/\" class=\"wc-block-grid__product-link\">\n\t\t\t\t\t\n\t\t\t\t\t<div class=\"wc-block-grid__product-image\"><img loading=\"lazy\" decoding=\"async\" width=\"300\" height=\"300\" src=\"https:\/\/fl41optics.com\/wp-content\/uploads\/2026\/04\/dana-rose-tinted-lens-glasses-clear-square-acetate-frame-side-view_b6235478-ee39-46f8-8fe3-cf9668488781-300x300.png\" class=\"attachment-woocommerce_thumbnail size-woocommerce_thumbnail\" alt=\"FL41 Rose Tinted Lens Glasses - Clear Square Acetate Frame\" srcset=\"https:\/\/fl41optics.com\/wp-content\/uploads\/2026\/04\/dana-rose-tinted-lens-glasses-clear-square-acetate-frame-side-view_b6235478-ee39-46f8-8fe3-cf9668488781-300x300.png 300w, https:\/\/fl41optics.com\/wp-content\/uploads\/2026\/04\/dana-rose-tinted-lens-glasses-clear-square-acetate-frame-side-view_b6235478-ee39-46f8-8fe3-cf9668488781-150x150.png 150w, https:\/\/fl41optics.com\/wp-content\/uploads\/2026\/04\/dana-rose-tinted-lens-glasses-clear-square-acetate-frame-side-view_b6235478-ee39-46f8-8fe3-cf9668488781-768x768.png 768w, https:\/\/fl41optics.com\/wp-content\/uploads\/2026\/04\/dana-rose-tinted-lens-glasses-clear-square-acetate-frame-side-view_b6235478-ee39-46f8-8fe3-cf9668488781-500x500.png 500w, https:\/\/fl41optics.com\/wp-content\/uploads\/2026\/04\/dana-rose-tinted-lens-glasses-clear-square-acetate-frame-side-view_b6235478-ee39-46f8-8fe3-cf9668488781-600x600.png 600w, https:\/\/fl41optics.com\/wp-content\/uploads\/2026\/04\/dana-rose-tinted-lens-glasses-clear-square-acetate-frame-side-view_b6235478-ee39-46f8-8fe3-cf9668488781-100x100.png 100w, https:\/\/fl41optics.com\/wp-content\/uploads\/2026\/04\/dana-rose-tinted-lens-glasses-clear-square-acetate-frame-side-view_b6235478-ee39-46f8-8fe3-cf9668488781.png 1024w\" sizes=\"auto, (max-width: 300px) 100vw, 300px\" \/><\/div>\n\t\t\t\t\t<div class=\"wc-block-grid__product-title\">Lunettes FL-41 &#8211; monture carr\u00e9e Transparente en ac\u00e9tate<\/div>\n\t\t\t\t<\/a>\n\t\t\t\t<div class=\"wc-block-grid__product-price price\"><span class=\"woocommerce-Price-amount amount\"><span class=\"woocommerce-Price-currencySymbol\">$<\/span>29<\/span><\/div>\n\t\t\t\t\n\t\t\t\t<div class=\"wp-block-button wc-block-grid__product-add-to-cart\"><a href=\"\/fr\/wp-json\/wp\/v2\/pages\/159?add-to-cart=280\" aria-label=\"Ajouter au panier\u00a0: &ldquo;Lunettes FL-41 - monture carr\u00e9e Transparente en ac\u00e9tate&rdquo;\" data-quantity=\"1\" data-product_id=\"280\" data-product_sku=\"TX-2963-2964-2925\" data-price=\"29\" rel=\"nofollow\" class=\"wp-block-button__link  add_to_cart_button ajax_add_to_cart\">Ajouter au panier<\/a><\/div>\n\t\t\t<\/li><li class=\"wc-block-grid__product\">\n\t\t\t\t<a href=\"https:\/\/fl41optics.com\/it\/product\/occhiali-fl-41-montatura-ovale-tartarugata-in-tr90\/\" class=\"wc-block-grid__product-link\">\n\t\t\t\t\t\n\t\t\t\t\t<div class=\"wc-block-grid__product-image\"><img loading=\"lazy\" decoding=\"async\" width=\"300\" height=\"300\" src=\"https:\/\/fl41optics.com\/wp-content\/uploads\/2026\/04\/dale-rose-tinted-lens-glasses-tortoise-oval-tr90-frame-side-view_6d5c7c71-478a-464c-a070-986013240ad4-300x300.png\" class=\"attachment-woocommerce_thumbnail size-woocommerce_thumbnail\" alt=\"FL41 Rose Tinted Lens Glasses - Tortoise Oval TR90 Frame\" srcset=\"https:\/\/fl41optics.com\/wp-content\/uploads\/2026\/04\/dale-rose-tinted-lens-glasses-tortoise-oval-tr90-frame-side-view_6d5c7c71-478a-464c-a070-986013240ad4-300x300.png 300w, https:\/\/fl41optics.com\/wp-content\/uploads\/2026\/04\/dale-rose-tinted-lens-glasses-tortoise-oval-tr90-frame-side-view_6d5c7c71-478a-464c-a070-986013240ad4-150x150.png 150w, https:\/\/fl41optics.com\/wp-content\/uploads\/2026\/04\/dale-rose-tinted-lens-glasses-tortoise-oval-tr90-frame-side-view_6d5c7c71-478a-464c-a070-986013240ad4-768x768.png 768w, https:\/\/fl41optics.com\/wp-content\/uploads\/2026\/04\/dale-rose-tinted-lens-glasses-tortoise-oval-tr90-frame-side-view_6d5c7c71-478a-464c-a070-986013240ad4-500x500.png 500w, https:\/\/fl41optics.com\/wp-content\/uploads\/2026\/04\/dale-rose-tinted-lens-glasses-tortoise-oval-tr90-frame-side-view_6d5c7c71-478a-464c-a070-986013240ad4-600x600.png 600w, https:\/\/fl41optics.com\/wp-content\/uploads\/2026\/04\/dale-rose-tinted-lens-glasses-tortoise-oval-tr90-frame-side-view_6d5c7c71-478a-464c-a070-986013240ad4-100x100.png 100w, https:\/\/fl41optics.com\/wp-content\/uploads\/2026\/04\/dale-rose-tinted-lens-glasses-tortoise-oval-tr90-frame-side-view_6d5c7c71-478a-464c-a070-986013240ad4.png 1024w\" sizes=\"auto, (max-width: 300px) 100vw, 300px\" \/><\/div>\n\t\t\t\t\t<div class=\"wc-block-grid__product-title\">Occhiali FL-41 &#8211; montatura ovale Tartarugata in TR90<\/div>\n\t\t\t\t<\/a>\n\t\t\t\t<div class=\"wc-block-grid__product-price price\"><span class=\"woocommerce-Price-amount amount\"><span class=\"woocommerce-Price-currencySymbol\">$<\/span>45<\/span><\/div>\n\t\t\t\t\n\t\t\t\t<div class=\"wp-block-button wc-block-grid__product-add-to-cart\"><a href=\"\/fr\/wp-json\/wp\/v2\/pages\/159?add-to-cart=279\" aria-label=\"Ajouter au panier\u00a0: &ldquo;Occhiali FL-41 - montatura ovale Tartarugata in TR90&rdquo;\" data-quantity=\"1\" data-product_id=\"279\" data-product_sku=\"TX-2973-2974-2925\" data-price=\"45\" rel=\"nofollow\" class=\"wp-block-button__link  add_to_cart_button ajax_add_to_cart\">Ajouter au panier<\/a><\/div>\n\t\t\t<\/li><\/ul><\/div><\/div>\n<\/div>\n\n","protected":false},"excerpt":{"rendered":"","protected":false},"author":1,"featured_media":0,"parent":0,"menu_order":0,"comment_status":"closed","ping_status":"closed","template":"","meta":{"footnotes":""},"class_list":["post-159","page","type-page","status-publish","hentry"],"blocksy_meta":[],"_links":{"self":[{"href":"https:\/\/fl41optics.com\/fr\/wp-json\/wp\/v2\/pages\/159","targetHints":{"allow":["GET"]}}],"collection":[{"href":"https:\/\/fl41optics.com\/fr\/wp-json\/wp\/v2\/pages"}],"about":[{"href":"https:\/\/fl41optics.com\/fr\/wp-json\/wp\/v2\/types\/page"}],"author":[{"embeddable":true,"href":"https:\/\/fl41optics.com\/fr\/wp-json\/wp\/v2\/users\/1"}],"replies":[{"embeddable":true,"href":"https:\/\/fl41optics.com\/fr\/wp-json\/wp\/v2\/comments?post=159"}],"version-history":[{"count":1,"href":"https:\/\/fl41optics.com\/fr\/wp-json\/wp\/v2\/pages\/159\/revisions"}],"predecessor-version":[{"id":304,"href":"https:\/\/fl41optics.com\/fr\/wp-json\/wp\/v2\/pages\/159\/revisions\/304"}],"wp:attachment":[{"href":"https:\/\/fl41optics.com\/fr\/wp-json\/wp\/v2\/media?parent=159"}],"curies":[{"name":"wp","href":"https:\/\/api.w.org\/{rel}","templated":true}]}}