{"id":178,"date":"2026-04-29T17:58:59","date_gmt":"2026-04-30T00:58:59","guid":{"rendered":"https:\/\/fl41optics.com\/cookie-policy\/"},"modified":"2026-04-29T17:58:59","modified_gmt":"2026-04-30T00:58:59","slug":"cookie-policy","status":"publish","type":"page","link":"https:\/\/fl41optics.com\/pt\/cookie-policy\/","title":{"rendered":"Pol\u00edtica de cookies"},"content":{"rendered":"<p>Este site utiliza cookies necess\u00e1rios para carrinho, pagamento, sele\u00e7\u00e3o de moeda e fun\u00e7\u00f5es b\u00e1sicas de an\u00e1lise.<\/p>\n","protected":false},"excerpt":{"rendered":"<p>Este site utiliza cookies necess\u00e1rios para carrinho, pagamento, sele\u00e7\u00e3o de moeda e fun\u00e7\u00f5es b\u00e1sicas de an\u00e1lise.<\/p>\n","protected":false},"author":0,"featured_media":0,"parent":0,"menu_order":0,"comment_status":"closed","ping_status":"closed","template":"","meta":{"footnotes":""},"class_list":["post-178","page","type-page","status-publish","hentry"],"blocksy_meta":[],"_links":{"self":[{"href":"https:\/\/fl41optics.com\/fr\/wp-json\/wp\/v2\/pages\/178","targetHints":{"allow":["GET"]}}],"collection":[{"href":"https:\/\/fl41optics.com\/fr\/wp-json\/wp\/v2\/pages"}],"about":[{"href":"https:\/\/fl41optics.com\/fr\/wp-json\/wp\/v2\/types\/page"}],"replies":[{"embeddable":true,"href":"https:\/\/fl41optics.com\/fr\/wp-json\/wp\/v2\/comments?post=178"}],"version-history":[{"count":0,"href":"https:\/\/fl41optics.com\/fr\/wp-json\/wp\/v2\/pages\/178\/revisions"}],"wp:attachment":[{"href":"https:\/\/fl41optics.com\/fr\/wp-json\/wp\/v2\/media?parent=178"}],"curies":[{"name":"wp","href":"https:\/\/api.w.org\/{rel}","templated":true}]}}