{"id":214,"date":"2026-04-29T17:59:06","date_gmt":"2026-04-30T00:59:06","guid":{"rendered":"https:\/\/fl41optics.com\/product\/lunettes-fl-41-monture-geometrique-grise-en-tr90\/"},"modified":"2026-04-29T17:59:06","modified_gmt":"2026-04-30T00:59:06","slug":"lunettes-fl-41-monture-geometrique-grise-en-tr90","status":"publish","type":"product","link":"https:\/\/fl41optics.com\/fr\/product\/lunettes-fl-41-monture-geometrique-grise-en-tr90\/","title":{"rendered":"Lunettes FL-41 &#8211; monture g\u00e9om\u00e9trique Grise en TR90"},"content":{"rendered":"<ul>\n<li><strong>Monture :<\/strong> Une monture g\u00e9om\u00e9trique Grise en TR90, l\u00e9g\u00e8re et facile \u00e0 porter au quotidien.<\/li>\n<li><strong>Verres :<\/strong> Teinte rose FL-41 con\u00e7ue pour les environnements lumineux, les \u00e9clairages int\u00e9rieurs intenses et les journ\u00e9es pass\u00e9es devant les \u00e9crans.<\/li>\n<li><strong>Id\u00e9al pour :<\/strong> Bureaux avec LED, \u00e9clairage fluorescent, lumi\u00e8re vive en int\u00e9rieur et moments o\u00f9 vous souhaitez une vision plus douce.<\/li>\n<li><strong>Remarque :<\/strong> Produit de confort visuel non m\u00e9dical, sans promesse de traitement.<\/li>\n<\/ul>\n","protected":false},"excerpt":{"rendered":"<p>Monture : Une monture g\u00e9om\u00e9trique Grise en TR90, l\u00e9g\u00e8re et facile \u00e0 porter au quotidien. Verres : Teinte rose FL-41 con\u00e7ue pour les environnements lumineux, les \u00e9clairages int\u00e9rieurs intenses et les journ\u00e9es pass\u00e9es devant les \u00e9crans. Id\u00e9al pour : Bureaux avec LED, \u00e9clairage fluorescent, lumi\u00e8re vive en int\u00e9rieur et moments o\u00f9 vous souhaitez une vision [&hellip;]<\/p>\n","protected":false},"featured_media":59,"comment_status":"open","ping_status":"closed","template":"","meta":[],"product_brand":[],"product_cat":[27,26],"product_tag":[],"class_list":{"0":"post-214","1":"product","2":"type-product","3":"status-publish","4":"has-post-thumbnail","6":"product_cat-geometrique","7":"product_cat-lunettes-fl-41","9":"first","10":"instock","11":"shipping-taxable","12":"purchasable","13":"product-type-simple"},"_links":{"self":[{"href":"https:\/\/fl41optics.com\/fr\/wp-json\/wp\/v2\/product\/214","targetHints":{"allow":["GET"]}}],"collection":[{"href":"https:\/\/fl41optics.com\/fr\/wp-json\/wp\/v2\/product"}],"about":[{"href":"https:\/\/fl41optics.com\/fr\/wp-json\/wp\/v2\/types\/product"}],"replies":[{"embeddable":true,"href":"https:\/\/fl41optics.com\/fr\/wp-json\/wp\/v2\/comments?post=214"}],"wp:featuredmedia":[{"embeddable":true,"href":"https:\/\/fl41optics.com\/fr\/wp-json\/wp\/v2\/media\/59"}],"wp:attachment":[{"href":"https:\/\/fl41optics.com\/fr\/wp-json\/wp\/v2\/media?parent=214"}],"wp:term":[{"taxonomy":"product_brand","embeddable":true,"href":"https:\/\/fl41optics.com\/fr\/wp-json\/wp\/v2\/product_brand?post=214"},{"taxonomy":"product_cat","embeddable":true,"href":"https:\/\/fl41optics.com\/fr\/wp-json\/wp\/v2\/product_cat?post=214"},{"taxonomy":"product_tag","embeddable":true,"href":"https:\/\/fl41optics.com\/fr\/wp-json\/wp\/v2\/product_tag?post=214"}],"curies":[{"name":"wp","href":"https:\/\/api.w.org\/{rel}","templated":true}]}}