{"id":175,"date":"2026-04-29T17:58:59","date_gmt":"2026-04-30T00:58:59","guid":{"rendered":"https:\/\/fl41optics.com\/shipping-policy\/"},"modified":"2026-04-29T17:58:59","modified_gmt":"2026-04-30T00:58:59","slug":"shipping-policy","status":"publish","type":"page","link":"https:\/\/fl41optics.com\/pt\/shipping-policy\/","title":{"rendered":"Pol\u00edtica de envio"},"content":{"rendered":"<p>A FL41 Optics oferece envio gratuito. As encomendas s\u00e3o normalmente preparadas em 2 a 3 dias \u00fateis.<\/p>\n","protected":false},"excerpt":{"rendered":"<p>A FL41 Optics oferece envio gratuito. As encomendas s\u00e3o normalmente preparadas em 2 a 3 dias \u00fateis.<\/p>\n","protected":false},"author":0,"featured_media":0,"parent":0,"menu_order":0,"comment_status":"closed","ping_status":"closed","template":"","meta":{"footnotes":""},"class_list":["post-175","page","type-page","status-publish","hentry"],"blocksy_meta":[],"_links":{"self":[{"href":"https:\/\/fl41optics.com\/pt\/wp-json\/wp\/v2\/pages\/175","targetHints":{"allow":["GET"]}}],"collection":[{"href":"https:\/\/fl41optics.com\/pt\/wp-json\/wp\/v2\/pages"}],"about":[{"href":"https:\/\/fl41optics.com\/pt\/wp-json\/wp\/v2\/types\/page"}],"replies":[{"embeddable":true,"href":"https:\/\/fl41optics.com\/pt\/wp-json\/wp\/v2\/comments?post=175"}],"version-history":[{"count":0,"href":"https:\/\/fl41optics.com\/pt\/wp-json\/wp\/v2\/pages\/175\/revisions"}],"wp:attachment":[{"href":"https:\/\/fl41optics.com\/pt\/wp-json\/wp\/v2\/media?parent=175"}],"curies":[{"name":"wp","href":"https:\/\/api.w.org\/{rel}","templated":true}]}}