{"id":200,"date":"2026-04-29T17:59:03","date_gmt":"2026-04-30T00:59:03","guid":{"rendered":"https:\/\/fl41optics.com\/product\/oculos-fl-41-armacao-quadrada-olive-green-em-tr90\/"},"modified":"2026-04-29T17:59:03","modified_gmt":"2026-04-30T00:59:03","slug":"oculos-fl-41-armacao-quadrada-olive-green-em-tr90","status":"publish","type":"product","link":"https:\/\/fl41optics.com\/pt\/product\/oculos-fl-41-armacao-quadrada-olive-green-em-tr90\/","title":{"rendered":"\u00d3culos FL-41 &#8211; arma\u00e7\u00e3o quadrada Olive Green em TR90"},"content":{"rendered":"<ul>\n<li><strong>Arma\u00e7\u00e3o:<\/strong> Uma arma\u00e7\u00e3o quadrada Olive Green em TR90, leve e pr\u00e1tica para uso di\u00e1rio.<\/li>\n<li><strong>Lentes:<\/strong> Tonalidade rosa FL-41 pensada para ambientes luminosos, luz interior intensa e longos per\u00edodos em frente a ecr\u00e3s.<\/li>\n<li><strong>Ideal para:<\/strong> Escrit\u00f3rios com LED, ilumina\u00e7\u00e3o fluorescente, interiores claros e momentos em que prefere uma vis\u00e3o mais suave.<\/li>\n<li><strong>Nota:<\/strong> Produto de conforto visual, n\u00e3o m\u00e9dico, sem promessa de tratamento.<\/li>\n<\/ul>\n","protected":false},"excerpt":{"rendered":"<p>Arma\u00e7\u00e3o: Uma arma\u00e7\u00e3o quadrada Olive Green em TR90, leve e pr\u00e1tica para uso di\u00e1rio. Lentes: Tonalidade rosa FL-41 pensada para ambientes luminosos, luz interior intensa e longos per\u00edodos em frente a ecr\u00e3s. Ideal para: Escrit\u00f3rios com LED, ilumina\u00e7\u00e3o fluorescente, interiores claros e momentos em que prefere uma vis\u00e3o mais suave. Nota: Produto de conforto visual, [&hellip;]<\/p>\n","protected":false},"featured_media":44,"comment_status":"open","ping_status":"closed","template":"","meta":[],"product_brand":[],"product_cat":[35,38],"product_tag":[],"class_list":{"0":"post-200","1":"product","2":"type-product","3":"status-publish","4":"has-post-thumbnail","6":"product_cat-oculos-fl-41","7":"product_cat-quadrada","9":"first","10":"instock","11":"shipping-taxable","12":"purchasable","13":"product-type-simple"},"_links":{"self":[{"href":"https:\/\/fl41optics.com\/pt\/wp-json\/wp\/v2\/product\/200","targetHints":{"allow":["GET"]}}],"collection":[{"href":"https:\/\/fl41optics.com\/pt\/wp-json\/wp\/v2\/product"}],"about":[{"href":"https:\/\/fl41optics.com\/pt\/wp-json\/wp\/v2\/types\/product"}],"replies":[{"embeddable":true,"href":"https:\/\/fl41optics.com\/pt\/wp-json\/wp\/v2\/comments?post=200"}],"wp:featuredmedia":[{"embeddable":true,"href":"https:\/\/fl41optics.com\/pt\/wp-json\/wp\/v2\/media\/44"}],"wp:attachment":[{"href":"https:\/\/fl41optics.com\/pt\/wp-json\/wp\/v2\/media?parent=200"}],"wp:term":[{"taxonomy":"product_brand","embeddable":true,"href":"https:\/\/fl41optics.com\/pt\/wp-json\/wp\/v2\/product_brand?post=200"},{"taxonomy":"product_cat","embeddable":true,"href":"https:\/\/fl41optics.com\/pt\/wp-json\/wp\/v2\/product_cat?post=200"},{"taxonomy":"product_tag","embeddable":true,"href":"https:\/\/fl41optics.com\/pt\/wp-json\/wp\/v2\/product_tag?post=200"}],"curies":[{"name":"wp","href":"https:\/\/api.w.org\/{rel}","templated":true}]}}